{"id":172810,"date":"2024-08-06T11:46:56","date_gmt":"2024-08-06T09:46:56","guid":{"rendered":"https:\/\/www.ainia.com\/?page_id=172810"},"modified":"2024-08-06T11:51:05","modified_gmt":"2024-08-06T09:51:05","slug":"assinatura-noticias","status":"publish","type":"page","link":"https:\/\/www.ainia.com\/pt\/assinatura-noticias\/","title":{"rendered":"Assinatura de not\u00edcias AINIA"},"content":{"rendered":"<html><body><div class=\"wpb-content-wrapper\"><p>[vc_row full_width=\u201dstretch_row_content_no_spaces\u201d el_class=\u201dbreadcrumb\u201d][vc_column]<\/p><div id=\"breadcrumb\"><div><a href=\"https:\/\/www.ainia.com\/pt\/\"><span class=\"vc_icon_element-icon fa fa-home\"><\/span><\/a><\/div><\/div>[\/vc_column][\/vc_row][vc_row el_class=\u201dcontacto_top\u201d][vc_column][vc_row_inner el_class=\u201dvc_container_inner\u201d][vc_column_inner width=\u201d1\/2\u2033][vc_column_text css=\u201d\u201d]\n<h1>Assinatura AINIA News<\/h1>\n<p>Newsletter com <strong>os destaques da inova\u00e7\u00e3o<\/strong> e das mais recentes tecnologias, bem como a atividade relacionada da AINIA.[\/vc_column_text][\/vc_column_inner][vc_column_inner width=\u201d1\/2\u2033][\/vc_column_inner][\/vc_row_inner][\/vc_column][\/vc_row][vc_row full_width=\u201dstretch_row\u201d el_class=\u201dform_contacto form_img_news\u201d][vc_column][vc_row_inner][vc_column_inner width=\u201d7\/12\u2033][vc_column_text]<span class=\"cp-trigger-shortcode cp-trigger-cp_id_b9e39 cp-cp_id_b9e39\"><\/span><style class=\"cp-slide_optin_border_color\" type=\"text\/css\">.cp_id_b9e39 .cp-optin-widget .cp-slidein-head {border-bottom:0px solid #ffffff;}<\/style><link rel=\"stylesheet\" type=\"text\/css\" id=\"cp-google-fonts\" href=\"https:\/\/fonts.googleapis.com\/css?family=http:\/\/Bitter%7CLato%7CLibre+Baskerville%7CMontserrat%7CNeuton%7COpen+Sans%7CPacifico%7CRaleway%7CRoboto%7CSacramento%7CVarela+Round%7CLato%7COpen%20Sans%7CLibre%20Baskerville%7CMontserrat%7CNeuton%7CRaleway%7CRoboto%7CSacramento%7CVarela%20Round%7CPacifico%7CBitter\" media=\"none\" onload='if(media!=\"all\")media=\"all\"'><style class=\"cp-slidebg-color\" type=\"text\/css\">.slidein-overlay.content-69f38798804ea .cp-slidein-body-overlay {\n\t\t\t\t\tbackground: #fff7f7;\n\t\t\t\t}<\/style><style class=\"cp-slidebtn-submit\" type=\"text\/css\"><\/style>\t\t\t<\/p><div class=\"cp-module cp-slidein-popup-container cp_id_b9e39 cp-optin-widget-container overlay-show \" data-style-id=\"cp_id_b9e39\" data-module-name=\"slidein\" data-close-gravity=\"1\">\n\t\t\t\t<div class=\"\n\t\t\t\tslidein-overlay  global_slidein_container  cp-trigger-cp_id_b9e39 cp-cp_id_b9e39 cp-slidein-inline cp-do-not-close-inline  content-69f38798804ea  do_not_close  0 cp-always-minimize-widget \t\t\t\t\" data-image-position=\"\" data-placeholder-color=\"\" data-timezonename=\"wordpress\" data-timezone=\"1\" data-load-on-refresh=\"enabled\" data-custom-class=\"cp-trigger-cp_id_b9e39 cp-cp_id_b9e39 cp-slidein-inline\" data-class=\"content-69f38798804ea\" data-placeholder-font=\"\" data-load-on-count=\"\" data-closed-cookie-time=\"30\" data-conversion-cookie-time=\"90\" data-slidein-id=\"cp_id_b9e39\" data-slidein-style=\"cp_id_b9e39\" data-option=\"smile_slide_in_styles\" data-scheduled=\"false\" data-overlay-animation=\"\">\n\t\t\t\t\t<div class=\"cp-slidein \" style=\"max-width:320px;\">\n\t\t\t\t\t\t<div class=\"cp-animate-container \" data-overlay-animation=\"\" data-exit-animation=\"slidein-overlay-none\">\n\t\t\t\t\t\t\t<div class=\"cp-slidein-content\" id=\"slide-in-animate-cp_id_b9e39\" style=\"box-shadow:0px 0px 5px 0px rgba(86,86,131,0.6);-webkit-box-shadow:0px 0px 5px 0px rgba(86,86,131,0.6);-moz-box-shadow:0px 0px 5px 0px rgba(86,86,131,0.6);border-radius: 0px;-moz-border-radius: 0px;-webkit-border-radius: 0px;border-style: dotted;border-color: rgb(255,255,255);border-width:  px;border-width:1px;;\">\n\t\t\t\t\t\t\t\t<div class=\"cp-slidein-body cp-optin-widget  \" style=\"\">\n\t\t\t\t\t\t\t\t\t<div class=\"cp-slidein-body-overlay cp_cs_overlay\" style=\";\"><\/div>\n\t\t\t\t\t\t\t\t\t\t\t<div class=\"cp-row\">\n\t\t\t<div class=\"col-lg-12 col-md-12 col-sm-12 col-xs-12 cp-text-container \">\n\t\t\t\t<div class=\"cp-slidein-head  \">\n\t\t\t\t\t<div class=\"cp-title-container \n\t\t\t\t\t\t\t\t\t\t\t\">\n\t\t\t\t\t\t<h2 class=\"cp-title cp_responsive\">Subscribe to our newsletter<\/h2>\n\t\t\t\t\t<\/div>\n\t\t\t\t\t\t\t\t\t\t<\/div>\n\t\t\t\t\t<div class=\"cp-desc-container \n\t\t\t\t\t\t\t\t\t\t\t\">\n\t\t\t\t\t\t<div class=\"cp-description cp_responsive\">Sign-up to get the latest news straight to your inbox.<\/div>\n\t\t\t\t\t<\/div>\n\t\t\t\t<\/div><!-- end of text container-->\n\n\t\t\t\t<div class=\"col-lg-12 col-md-12 col-sm-12 col-xs-12 cp-form-container\">\n\t\t\t\t\t\n\t\t<style type=\"text\/css\" class=\"cp-form-css\">.content-69f38798804ea .cp-form-container label {    display:block!important;}.content-69f38798804ea .cp-form-container label {    color: #3c3c3b;   font-size: 13px;\tfont-family:Roboto; \ttext-align: center;} .content-69f38798804ea .cp-form-container .cp-form-field select {    text-align-last: center;   direction: ;}.content-69f38798804ea .cp-form-container input:focus:not([type='radio']):not([type='checkbox']):not([type='range']), .content-69f38798804ea .cp-form-container textarea:focus, .content-69f38798804ea .cp-form-container .cp-form-field button, .content-69f38798804ea .cp-form-container .cp-form-field input, .content-69f38798804ea .cp-form-container .cp-form-field select, .content-69f38798804ea .cp-form-container .cp-form-field textarea { \ttext-align: center; \tfont-size: 13px; \tfont-family: Roboto; \tcolor: #0a0a0a; \tbackground-color: rgb(255, 255, 255); \tborder-color: #dddddd; \tpadding-top: 5px; \tpadding-bottom: 5px; \tpadding-left: 7px; \tpadding-right: 7px; \tborder-radius: 0px;}.content-69f38798804ea .cp-form-container .cp-form-field  .cp-label {  \ttext-align: center; \tfont-size: 13px; \tfont-family: Roboto; \tcolor: #0a0a0a; \tpadding-top: 5px; \tpadding-bottom: 5px; \tborder-radius: 0px;}.content-69f38798804ea .cp-form-container .cp-submit {  \tpadding-top: 20px; \tpadding-bottom: 20px; \tpadding-left: 20px; \tpadding-right: 20px;}.content-69f38798804ea .cp-form-container .cp-submit.cp-btn-outline {  \tbackground: transparent; \tborder: 2px solid #ff6e00; \tcolor: inherit;border-radius:3px;}.content-69f38798804ea .cp-form-container .cp-submit.cp-btn-outline:hover {  \tbackground: #f26100; \tborder: 2px solid #f26100; \tcolor: #ffffff}.content-69f38798804ea .cp-form-container .cp-submit.cp-btn-outline:hover span { color: inherit !important ; } .content-69f38798804ea .cp-form-field.cp-enable-box-shadow > div { border-radius: 0px;}<\/style>\n\t\t\t<div class=\"form-main cp-form-layout-2\">\n\n\t\t\t\t<form class=\"cp-form smile-optin-form  enable_input_shadow\">\n\n\t\t\t\t\t\t\t<input type=\"hidden\" id=\"2011880894_wpnonce\" name=\"_wpnonce\" value=\"5b4ac0daae\">\n\t\t<input type=\"hidden\" name=\"cp-page-url\" value=\"https:\/\/www.ainia.com\/pt\/wp-json\/wp\/v2\/pages\/172810\/\">\n\t\t<input type=\"hidden\" name=\"param[user_id]\" value=\"cp-uid-2bdd76d25d24e1af759e4d3cba724b06d0fae86aa788326fbb527be4e054de05\">\n\t\t<input type=\"hidden\" name=\"param[date]\" value=\"30-4-2026\">\n\t\t<input type=\"hidden\" name=\"list_parent_index\" value=\"4\">\n\t\t<input type=\"hidden\" name=\"action\" value=\"mailchimp_add_subscriber\">\n\t\t<input type=\"hidden\" name=\"list_id\" value=\"f5609e0de0\">\n\t\t<input type=\"hidden\" name=\"style_id\" value=\"cp_id_b9e39\">\n\t\t<input type=\"hidden\" name=\"msg_wrong_email\" value=\"Por favor introduce una direcci\u00f3n de correo electr\u00f3nica v\u00e1lida.\">\n\t\t<input type=\"hidden\" name=\"message\" value=\"\u00a1Muchas gracias por suscribirte!\r\n&lt;br&gt;&lt;br&gt;\r\nTe hemos enviado un correo para que confirmes tu suscripci\u00f3n, por favor, consulta tu bandeja de entrada.\r\n&lt;br&gt;&lt;br&gt;\r\nSi no aparece ah\u00ed, por favor, consulta tu bandeja de correo no deseado.\">\n\t\t<input type=\"hidden\" name=\"cp_module_name\" value=\"Suscripci\u00f3n AINIA NEWS\">\n\t\t<input type=\"hidden\" name=\"cp_module_type\" value=\"\">\n\t\t\t\t<input type=\"text\" name=\"cp_set_hp\" value=\"\" style=\"display: none;\">\n\t\t\t\n\t\t\t\t\t\t<div class=\"cp-all-inputs-wrap col-xs-12  \">\n\n\t\t\t\t\t\t\t\n\n\t\t\t\t\t\t\t\t\t\t\t<div class=\"cp-form-field  col-md-6 col-lg-6 col-sm-6 col-xs-12  \">\n\t\t\t\t\t\t\t\t\t\t\t\t\t\t\t\t\t\t\t\t\t\t\t\t<label for=\"nombre-cp_id_b9e39-69f3879880874\">Nombre<\/label>\n\t\t\t\t\t\t\t\t\t\t\t\t \n\t\t\t\t\t\t\t\t\t\t\t\t<div>\n\t\t\t\t\t\t\t\t\t\t\t\t\t<input id=\"nombre-cp_id_b9e39-69f3879880874\" class=\"cp-input cp-textfield\" type=\"textfield\" name=\"param[nombre]\" aria-labelledby=\"nombre-cp_id_b9e39-69f3879880874\" placeholder=\"\" required>\t\t\t\t\t\t\t\t\t<\/div><\/div><!-- .cp-form-field -->\n\n\t\t\t\t\t\t\t\t\t\t\t\n\n\t\t\t\t\t\t\t\t\t\t\t<div class=\"cp-form-field  col-md-6 col-lg-6 col-sm-6 col-xs-12  \">\n\t\t\t\t\t\t\t\t\t\t\t\t\t\t\t\t\t\t\t\t\t\t\t\t<label for=\"apellidos-cp_id_b9e39-69f3879880874\">Apellidos<\/label>\n\t\t\t\t\t\t\t\t\t\t\t\t \n\t\t\t\t\t\t\t\t\t\t\t\t<div>\n\t\t\t\t\t\t\t\t\t\t\t\t\t<input id=\"apellidos-cp_id_b9e39-69f3879880874\" class=\"cp-input cp-textfield\" type=\"textfield\" name=\"param[apellidos]\" aria-labelledby=\"apellidos-cp_id_b9e39-69f3879880874\" placeholder=\"\">\t\t\t\t\t\t\t\t\t<\/div><\/div><!-- .cp-form-field -->\n\n\t\t\t\t\t\t\t\t\t\t\t\n\n\t\t\t\t\t\t\t\t\t\t\t<div class=\"cp-form-field  col-md-6 col-lg-6 col-sm-6 col-xs-12  \">\n\t\t\t\t\t\t\t\t\t\t\t\t\t\t\t\t\t\t\t\t\t\t\t\t<label for=\"email-cp_id_b9e39-69f3879880874\">Email<\/label>\n\t\t\t\t\t\t\t\t\t\t\t\t \n\t\t\t\t\t\t\t\t\t\t\t\t<div>\n\t\t\t\t\t\t\t\t\t\t\t\t\t<input id=\"email-cp_id_b9e39-69f3879880874\" class=\"cp-input cp-email\" type=\"email\" name=\"param[email]\" aria-labelledby=\"email-cp_id_b9e39-69f3879880874\" placeholder=\"\" required>\t\t\t\t\t\t\t\t\t<\/div><\/div><!-- .cp-form-field -->\n\n\t\t\t\t\t\t\t\t\t\t\t\n\n\t\t\t\t\t\t\t\t\t\t\t<div class=\"cp-form-field  col-md-6 col-lg-6 col-sm-6 col-xs-12  \">\n\t\t\t\t\t\t\t\t\t\t\t\t\t\t\t\t\t\t\t\t\t\t\t\t<label for=\"empresa-cp_id_b9e39-69f3879880874\">Empresa<\/label>\n\t\t\t\t\t\t\t\t\t\t\t\t \n\t\t\t\t\t\t\t\t\t\t\t\t<div>\n\t\t\t\t\t\t\t\t\t\t\t\t\t<input id=\"empresa-cp_id_b9e39-69f3879880874\" class=\"cp-input cp-textfield\" type=\"textfield\" name=\"param[empresa]\" aria-labelledby=\"empresa-cp_id_b9e39-69f3879880874\" placeholder=\"\">\t\t\t\t\t\t\t\t\t<\/div><\/div><!-- .cp-form-field -->\n\n\t\t\t\t\t\t\t\t\t\t\t\n\n\t\t\t\t\t\t\t\t\t\t\t<div class=\"cp-form-field  col-md-6 col-lg-6 col-sm-6 col-xs-12  \">\n\t\t\t\t\t\t\t\t\t\t\t\t \n\t\t\t\t\t\t\t\t\t\t\t\t<div>\n\t\t\t\t\t\t\t\t\t\t\t\t\t<label class=\"cp-label\"><input class=\"cp-input cp-checkbox\" type=\"checkbox\" name=\"param[acepto_privacidad]\" placeholder=\"\" required><span class=\"cp-chbx-label\">He le\u00eddo y acepto la <a href=\"\/politica-privacidad\/\" target=\"_blank\">pol\u00edtica de privacidad<\/a><\/span><\/label>\t\t\t\t\t\t\t\t\t<\/div><\/div><!-- .cp-form-field -->\n\n\t\t\t\t\t\t\t\t\t\t\t\n\n\t\t\t\t\t\t\t\t\t\t\t<div class=\"cp-form-field  col-md-6 col-lg-6 col-sm-6 col-xs-12  \">\n\t\t\t\t\t\t\t\t\t\t\t\t \n\t\t\t\t\t\t\t\t\t\t\t\t<div>\n\t\t\t\t\t\t\t\t\t\t\t\t\t<label class=\"cp-label\"><input class=\"cp-input cp-checkbox\" type=\"checkbox\" name=\"param[acepto_comunicaciones]\" placeholder=\"\" required><span class=\"cp-chbx-label\">Acepto recibir comunicaciones por parte de AINIA.<\/span><\/label>\t\t\t\t\t\t\t\t\t<\/div><\/div><!-- .cp-form-field -->\n\n\t\t\t\t\t\t\t\t\t\t\t\t\t\t\t\t<\/div>\n\t\t\t\t\t\t\n\t\t\t\t\t<div class=\"cp-submit-wrap  cp-submit-wrap-full col-md-12 col-lg-12 col-sm-12 col-xs-12  \">\n\t\t\t\t\t\t\t\t\t\t\t\t\t<div class=\"cp-submit btn-subscribe cp_responsive cp-btn-outline  \" rel=\"noopener\">\n\t\t\t\t\t\t\t\tENVIAR\t\t\t\t\t\t\t<\/div>\n\t\t\t\t\t\t\t\t\t\t\t\t\t<\/div><!-- .cp-submit-wrap -->\n\t\t\t\t\t<\/form><!-- .smile-optin-form -->\n\t\t\t\t<\/div>\n\t\t\t\t\t\t\t\t\t<\/div>\n\t\t\t\t<div class=\"col-md-12 col-sm-12 col-xs-12\">\n\t\t\t\t\t<div class=\"cp-info-container \n\t\t\t\t\t\t\t\t\t\t\t\">\n\t\t\t\t\t\tGive it a try, you can unsubscribe anytime.\t\t\t\t\t<\/div>\n\t\t\t\t<\/div>\n\t\t\t<\/div><!--row-->\n\t\t\t\t\t\t\t<input type=\"hidden\" class=\"cp-impress-nonce\" name=\"cp-impress-nonce\" value=\"e1432b394b\">\n\n\t<\/div><!-- .cp-slidein-body -->\n<\/div><!-- .cp-slidein-content -->\n\n\t\t<div class=\"cp-form-processing-wrap\" style=\"border-radius: 0px 0px 0px 0px;-moz-border-radius: 0px 0px 0px 0px;-webkit-border-radius: 0px 0px 0px 0px;;\">\n\t<div class=\"cp-form-after-submit\">\n\t\t<div class=\"cp-form-processing\" style=\"\">\n\t\t<div class=\"cp-form-processing\">\n\t\t\t<div class=\"smile-absolute-loader\" style=\"visibility: visible;\">\n\t\t\t\t<div class=\"smile-loader\" style=\"width: 100px;\">\n\t\t\t\t\t<div class=\"smile-loading-bar\"><\/div>\n\t\t\t\t\t<div class=\"smile-loading-bar\"><\/div>\n\t\t\t\t\t<div class=\"smile-loading-bar\"><\/div>\n\t\t\t\t\t<div class=\"smile-loading-bar\"><\/div>\n\t\t\t\t<\/div>\n\t\t\t<\/div>\n\t\t<\/div>\n\t\t<\/div>\n\t\t<div class=\"cp-msg-on-submit\" style=\"color:#000000;\"><\/div>\n\t<\/div>\n<\/div>\n\t\t\n\t\t\t<\/div><!-- .cp-animate-container -->\n\t\t<\/div><!-- .cp-slidein -->\n\n\t\t<span class=\"cp-slide_in-inline-end\" data-style=\"cp_id_b9e39\"><\/span>\n\t\t\n\n\t\t\n<\/div><!-- .slidein-overlay -->\n<\/div><!-- .cp-slidein-popup-container -->\n\t\t[\/vc_column_text][\/vc_column_inner][vc_column_inner width=\u201d5\/12\u2033][vc_single_image image=\u201d1334\u2033 img_size=\u201dfull\u201d alignment=\u201dcenter\u201d css_animation=\u201dfadeInDown\u201d][\/vc_column_inner][\/vc_row_inner][\/vc_column][\/vc_row][vc_row full_width=\u201dstretch_row\u201d el_class=\u201dform_contacto_bottom form_img_color_news\u201d][vc_column][vc_row_inner][vc_column_inner width=\u201d7\/12\u2033][\/vc_column_inner][vc_column_inner el_class=\u201dimagen_contacta\u201d width=\u201d5\/12\u2033][\/vc_column_inner][\/vc_row_inner][\/vc_column][\/vc_row][vc_row el_class=\u201despacio_color_bottom\u201d][vc_column][\/vc_column][\/vc_row][vc_row el_class=\u201despacio_color_bottom\u201d][vc_column][\/vc_column][\/vc_row]\n<\/div><\/body><\/html>","protected":false},"excerpt":{"rendered":"<p>[vc_row full_width=\u201dstretch_row_content_no_spaces\u201d el_class=\u201dbreadcrumb\u201d][vc_column][\/vc_column][\/vc_row][vc_row el_class=\u201dcontacto_top\u201d][vc_column][vc_row_inner el_class=\u201dvc_container_inner\u201d][vc_column_inner width=\u201d1\/2\u2033][vc_column_text css=\u201d\u201d] Assinatura AINIA News Newsletter com os destaques da inova\u00e7\u00e3o e das mais recentes tecnologias, bem como a atividade relacionada da AINIA.[\/vc_column_text][\/vc_column_inner][vc_column_inner width=\u201d1\/2\u2033][\/vc_column_inner][\/vc_row_inner][\/vc_column][\/vc_row][vc_row full_width=\u201dstretch_row\u201d el_class=\u201dform_contacto form_img_news\u201d][vc_column][vc_row_inner][vc_column_inner width=\u201d7\/12\u2033][vc_column_text][\/vc_column_text][\/vc_column_inner][vc_column_inner width=\u201d5\/12\u2033][vc_single_image image=\u201d1334\u2033 img_size=\u201dfull\u201d alignment=\u201dcenter\u201d css_animation=\u201dfadeInDown\u201d][\/vc_column_inner][\/vc_row_inner][\/vc_column][\/vc_row][vc_row full_width=\u201dstretch_row\u201d el_class=\u201dform_contacto_bottom form_img_color_news\u201d][vc_column][vc_row_inner][vc_column_inner width=\u201d7\/12\u2033][\/vc_column_inner][vc_column_inner el_class=\u201dimagen_contacta\u201d width=\u201d5\/12\u2033][\/vc_column_inner][\/vc_row_inner][\/vc_column][\/vc_row][vc_row el_class=\u201despacio_color_bottom\u201d][vc_column][\/vc_column][\/vc_row][vc_row el_class=\u201despacio_color_bottom\u201d][vc_column][\/vc_column][\/vc_row]<\/p>\n","protected":false},"author":4,"featured_media":0,"parent":0,"menu_order":344,"comment_status":"closed","ping_status":"closed","template":"","meta":{"_acf_changed":false,"inline_featured_image":false,"footnotes":""},"class_list":["post-172810","page","type-page","status-publish","hentry"],"acf":[],"yoast_head":"<!-- This site is optimized with the Yoast SEO plugin v27.5 - https:\/\/yoast.com\/product\/yoast-seo-wordpress\/ -->\n<title>Assinatura de not\u00edcias AINIA | AINIA<\/title>\n<meta name=\"description\" content=\"Boletim informativo semanal com destaques sobre a inova\u00e7\u00e3o e as tecnologias mais recentes. Subscreva as not\u00edcias da AINIA!\" \/>\n<meta name=\"robots\" content=\"index, follow, max-snippet:-1, max-image-preview:large, max-video-preview:-1\" \/>\n<link rel=\"canonical\" href=\"https:\/\/www.ainia.com\/pt\/assinatura-noticias\/\" \/>\n<meta property=\"og:locale\" content=\"pt_PT\" \/>\n<meta property=\"og:type\" content=\"article\" \/>\n<meta property=\"og:title\" content=\"Assinatura de not\u00edcias AINIA | AINIA\" \/>\n<meta property=\"og:description\" content=\"Boletim informativo semanal com destaques sobre a inova\u00e7\u00e3o e as tecnologias mais recentes. Subscreva as not\u00edcias da AINIA!\" \/>\n<meta property=\"og:url\" content=\"https:\/\/www.ainia.com\/pt\/assinatura-noticias\/\" \/>\n<meta property=\"og:site_name\" content=\"AINIA\" \/>\n<meta property=\"article:modified_time\" content=\"2024-08-06T09:51:05+00:00\" \/>\n<meta name=\"twitter:card\" content=\"summary_large_image\" \/>\n<meta name=\"twitter:label1\" content=\"Est. reading time\" \/>\n\t<meta name=\"twitter:data1\" content=\"1 minute\" \/>\n<script type=\"application\/ld+json\" class=\"yoast-schema-graph\">{\"@context\":\"https:\\\/\\\/schema.org\",\"@graph\":[{\"@type\":\"WebPage\",\"@id\":\"https:\\\/\\\/www.ainia.com\\\/pt\\\/assinatura-noticias\\\/\",\"url\":\"https:\\\/\\\/www.ainia.com\\\/pt\\\/assinatura-noticias\\\/\",\"name\":\"Assinatura de not\u00edcias AINIA | AINIA\",\"isPartOf\":{\"@id\":\"https:\\\/\\\/www.ainia.com\\\/pt\\\/#website\"},\"datePublished\":\"2024-08-06T09:46:56+00:00\",\"dateModified\":\"2024-08-06T09:51:05+00:00\",\"description\":\"Boletim informativo semanal com destaques sobre a inova\u00e7\u00e3o e as tecnologias mais recentes. Subscreva as not\u00edcias da AINIA!\",\"breadcrumb\":{\"@id\":\"https:\\\/\\\/www.ainia.com\\\/pt\\\/assinatura-noticias\\\/#breadcrumb\"},\"inLanguage\":\"pt\",\"potentialAction\":[{\"@type\":\"ReadAction\",\"target\":[\"https:\\\/\\\/www.ainia.com\\\/pt\\\/assinatura-noticias\\\/\"]}]},{\"@type\":\"BreadcrumbList\",\"@id\":\"https:\\\/\\\/www.ainia.com\\\/pt\\\/assinatura-noticias\\\/#breadcrumb\",\"itemListElement\":[{\"@type\":\"ListItem\",\"position\":1,\"name\":\"Portada\",\"item\":\"https:\\\/\\\/www.ainia.com\\\/pt\\\/\"},{\"@type\":\"ListItem\",\"position\":2,\"name\":\"Assinatura de not\u00edcias AINIA\"}]},{\"@type\":\"WebSite\",\"@id\":\"https:\\\/\\\/www.ainia.com\\\/pt\\\/#website\",\"url\":\"https:\\\/\\\/www.ainia.com\\\/pt\\\/\",\"name\":\"AINIA\",\"description\":\"AINIA\",\"publisher\":{\"@id\":\"https:\\\/\\\/www.ainia.com\\\/pt\\\/#organization\"},\"potentialAction\":[{\"@type\":\"SearchAction\",\"target\":{\"@type\":\"EntryPoint\",\"urlTemplate\":\"https:\\\/\\\/www.ainia.com\\\/pt\\\/?s={search_term_string}\"},\"query-input\":{\"@type\":\"PropertyValueSpecification\",\"valueRequired\":true,\"valueName\":\"search_term_string\"}}],\"inLanguage\":\"pt\"},{\"@type\":\"Organization\",\"@id\":\"https:\\\/\\\/www.ainia.com\\\/pt\\\/#organization\",\"name\":\"Ainia\",\"url\":\"https:\\\/\\\/www.ainia.com\\\/pt\\\/\",\"logo\":{\"@type\":\"ImageObject\",\"inLanguage\":\"pt\",\"@id\":\"https:\\\/\\\/www.ainia.com\\\/pt\\\/#\\\/schema\\\/logo\\\/image\\\/\",\"url\":\"https:\\\/\\\/www.ainia.com\\\/wp-content\\\/uploads\\\/2022\\\/01\\\/LOGO-AINIA-simple-alta-resolucion-sin-fondo-1.png\",\"contentUrl\":\"https:\\\/\\\/www.ainia.com\\\/wp-content\\\/uploads\\\/2022\\\/01\\\/LOGO-AINIA-simple-alta-resolucion-sin-fondo-1.png\",\"width\":1000,\"height\":346,\"caption\":\"Ainia\"},\"image\":{\"@id\":\"https:\\\/\\\/www.ainia.com\\\/pt\\\/#\\\/schema\\\/logo\\\/image\\\/\"}}]}<\/script>\n<!-- \/ Yoast SEO plugin. -->","yoast_head_json":{"title":"Assinatura de not\u00edcias AINIA | AINIA","description":"Boletim informativo semanal com destaques sobre a inova\u00e7\u00e3o e as tecnologias mais recentes. Subscreva as not\u00edcias da AINIA!","robots":{"index":"index","follow":"follow","max-snippet":"max-snippet:-1","max-image-preview":"max-image-preview:large","max-video-preview":"max-video-preview:-1"},"canonical":"https:\/\/www.ainia.com\/pt\/assinatura-noticias\/","og_locale":"pt_PT","og_type":"article","og_title":"Assinatura de not\u00edcias AINIA | AINIA","og_description":"Boletim informativo semanal com destaques sobre a inova\u00e7\u00e3o e as tecnologias mais recentes. Subscreva as not\u00edcias da AINIA!","og_url":"https:\/\/www.ainia.com\/pt\/assinatura-noticias\/","og_site_name":"AINIA","article_modified_time":"2024-08-06T09:51:05+00:00","twitter_card":"summary_large_image","twitter_misc":{"Est. reading time":"1 minute"},"schema":{"@context":"https:\/\/schema.org","@graph":[{"@type":"WebPage","@id":"https:\/\/www.ainia.com\/pt\/assinatura-noticias\/","url":"https:\/\/www.ainia.com\/pt\/assinatura-noticias\/","name":"Assinatura de not\u00edcias AINIA | AINIA","isPartOf":{"@id":"https:\/\/www.ainia.com\/pt\/#website"},"datePublished":"2024-08-06T09:46:56+00:00","dateModified":"2024-08-06T09:51:05+00:00","description":"Boletim informativo semanal com destaques sobre a inova\u00e7\u00e3o e as tecnologias mais recentes. Subscreva as not\u00edcias da AINIA!","breadcrumb":{"@id":"https:\/\/www.ainia.com\/pt\/assinatura-noticias\/#breadcrumb"},"inLanguage":"pt","potentialAction":[{"@type":"ReadAction","target":["https:\/\/www.ainia.com\/pt\/assinatura-noticias\/"]}]},{"@type":"BreadcrumbList","@id":"https:\/\/www.ainia.com\/pt\/assinatura-noticias\/#breadcrumb","itemListElement":[{"@type":"ListItem","position":1,"name":"Portada","item":"https:\/\/www.ainia.com\/pt\/"},{"@type":"ListItem","position":2,"name":"Assinatura de not\u00edcias AINIA"}]},{"@type":"WebSite","@id":"https:\/\/www.ainia.com\/pt\/#website","url":"https:\/\/www.ainia.com\/pt\/","name":"AINIA","description":"AINIA","publisher":{"@id":"https:\/\/www.ainia.com\/pt\/#organization"},"potentialAction":[{"@type":"SearchAction","target":{"@type":"EntryPoint","urlTemplate":"https:\/\/www.ainia.com\/pt\/?s={search_term_string}"},"query-input":{"@type":"PropertyValueSpecification","valueRequired":true,"valueName":"search_term_string"}}],"inLanguage":"pt"},{"@type":"Organization","@id":"https:\/\/www.ainia.com\/pt\/#organization","name":"Ainia","url":"https:\/\/www.ainia.com\/pt\/","logo":{"@type":"ImageObject","inLanguage":"pt","@id":"https:\/\/www.ainia.com\/pt\/#\/schema\/logo\/image\/","url":"https:\/\/www.ainia.com\/wp-content\/uploads\/2022\/01\/LOGO-AINIA-simple-alta-resolucion-sin-fondo-1.png","contentUrl":"https:\/\/www.ainia.com\/wp-content\/uploads\/2022\/01\/LOGO-AINIA-simple-alta-resolucion-sin-fondo-1.png","width":1000,"height":346,"caption":"Ainia"},"image":{"@id":"https:\/\/www.ainia.com\/pt\/#\/schema\/logo\/image\/"}}]}},"_links":{"self":[{"href":"https:\/\/www.ainia.com\/pt\/wp-json\/wp\/v2\/pages\/172810","targetHints":{"allow":["GET"]}}],"collection":[{"href":"https:\/\/www.ainia.com\/pt\/wp-json\/wp\/v2\/pages"}],"about":[{"href":"https:\/\/www.ainia.com\/pt\/wp-json\/wp\/v2\/types\/page"}],"author":[{"embeddable":true,"href":"https:\/\/www.ainia.com\/pt\/wp-json\/wp\/v2\/users\/4"}],"replies":[{"embeddable":true,"href":"https:\/\/www.ainia.com\/pt\/wp-json\/wp\/v2\/comments?post=172810"}],"version-history":[{"count":4,"href":"https:\/\/www.ainia.com\/pt\/wp-json\/wp\/v2\/pages\/172810\/revisions"}],"predecessor-version":[{"id":172815,"href":"https:\/\/www.ainia.com\/pt\/wp-json\/wp\/v2\/pages\/172810\/revisions\/172815"}],"wp:attachment":[{"href":"https:\/\/www.ainia.com\/pt\/wp-json\/wp\/v2\/media?parent=172810"}],"curies":[{"name":"wp","href":"https:\/\/api.w.org\/{rel}","templated":true}]}}