{"id":170143,"date":"2024-07-05T13:17:59","date_gmt":"2024-07-05T11:17:59","guid":{"rendered":"https:\/\/www.ainia.com\/?page_id=170143"},"modified":"2025-10-31T13:42:30","modified_gmt":"2025-10-31T11:42:30","slug":"a-propos-ainia-organes-gouvernants","status":"publish","type":"page","link":"https:\/\/www.ainia.com\/fr\/a-propos-ainia-organes-gouvernants\/","title":{"rendered":"Organes directeurs"},"content":{"rendered":"<html><body><div class=\"wpb-content-wrapper\"><p>[vc_row full_width=\u201dstretch_row_content_no_spaces\u201d el_class=\u201dbreadcrumb\u201d][vc_column]<\/p><div id=\"breadcrumb\"><div><a href=\"https:\/\/www.ainia.com\/fr\/\"><span class=\"vc_icon_element-icon fa fa-home\"><\/span><\/a><\/div><\/div>[\/vc_column][\/vc_row][vc_row full_width=\u201dstretch_row\u201d el_class=\u201deventos_top gobierno_top\u201d][vc_column][vc_row_inner el_class=\u201dvc_container_inner\u201d][vc_column_inner][vc_column_text css=\u201d\u201d]\n<h1>Instances dirigeantes <span class=\"mini\">et \u00e9quipe de direction<\/span><\/h1>\n<p><strong>Les organes directeurs sont l\u2019Assembl\u00e9e g\u00e9n\u00e9rale compos\u00e9e de tous les associ\u00e9s et le Conseil directeur nomm\u00e9 par l\u2019Assembl\u00e9e.<\/strong><\/p>\n<p>L\u2019\u00e9quipe est compos\u00e9e de plus de 270 professionnels aux sp\u00e9cialit\u00e9s tr\u00e8s diverses qui composent des \u00e9quipes multidisciplinaires pour apporter des solutions globales aux entreprises. Les connaissances, les capacit\u00e9s et les comp\u00e9tences de notre \u00e9quipe humaine, ainsi que l\u2019engagement et l\u2019implication des personnes, constituent le principal atout de l\u2019organisation.[\/vc_column_text][\/vc_column_inner][\/vc_row_inner][\/vc_column][\/vc_row][vc_row el_class=\u201denlaces_acceso_clientes\u201d][vc_column][vc_row_inner el_class=\u201dvc_container_inner\u201d][vc_column_inner][vc_column_text css=\u201d\u201d]<\/p>\n<ul>\n<li><a class=\"rector\" href=\"#rector\">Conseil d\u2019administration<\/a><\/li>\n<li><a class=\"equipo\" href=\"#team\">\u00c9quipe de direction<\/a><\/li>\n<\/ul>\n<p>[\/vc_column_text][\/vc_column_inner][\/vc_row_inner][\/vc_column][\/vc_row][vc_row el_class=\u201dorgano_gobierno bloque\u201d el_id=\u201drector\u201d][vc_column][vc_row_inner el_class=\u201dvc_container_inner\u201d][vc_column_inner][vc_column_text css=\u201d\u201d]<\/p>\n<h2>Conseil d\u2019administration<\/h2>\n<p>[\/vc_column_text][vc_raw_html css=\u201d\u201d]JTNDZGl2JTIwY2xhc3MlM0QlMjJsaXN0YWRvX2VxdWlwb19nb2JpZXJubyUyMGxpc3RhZG9fY29uc2Vqb19yZWN0b3IlMjIlM0UlMEElM0NkaXYlMjBjbGFzcyUzRCUyMml0ZW1fZ29iaWVybm8lMjBpdGVtX2NvbnNlam9fcmVjdG9yJTIwZGVzdGFjYWRvX2l0ZW1fcmVjdG9yJTIyJTNFJTBBJTBBJTNDZGl2JTIwY2xhc3MlM0QlMjJpbWFnZW4lMjIlM0UlMEElM0NpbWclMjBzdHlsZSUzRCUyMm9iamVjdC1maXQlM0ElMjBjb3ZlciUzQiUyMiUyMHdpZHRoJTNEJTIyMjUwJTIyJTIwaGVpZ2h0JTNEJTIyMjUwJTIyJTIwc3JjJTNEJTIyJTJGd3AtY29udGVudCUyRnVwbG9hZHMlMkYyMDIyJTJGMDIlMkZNYW51ZWwtR2FyY2lhLVBvcnRpbGxvXzUwMC5qcGclMjIlM0UlMEElM0MlMkZkaXYlM0UlMEElMEElM0NkaXYlMjBjbGFzcyUzRCUyMmluZm8tZXF1aXBvJTIyJTNFJTBBJTNDcCUyMGNsYXNzJTNEJTIybm9tYnJlJTIyJTNFTWFudWVsJTIwR2FyYyVDMyVBRGElMjBQb3J0aWxsbyUzQyUyRnAlM0UlMEElM0NwJTIwY2xhc3MlM0QlMjJjYXJnbyUyMiUzRVByJUMzJUE5c2lkZW50JTNDJTJGcCUzRSUwQSUzQ3AlMjBjbGFzcyUzRCUyMnJlc3VtZW4lMjIlM0VBR1JPRlJFU0glMjBGUlVJVCUyMFBST1RFQ1RJT04lMjBTLkEuJTNDJTJGcCUzRSUwQSUzQyUyRmRpdiUzRSUwQSUwQSUzQyUyRmRpdiUzRSUwQSUzQyUyRmRpdiUzRQ==[\/vc_raw_html][vc_empty_space height=\u201d30px\u201d]<\/p><div class=\"wpb-content-wrapper\"><div class=\"contenido_equipo_rector\"><\/div><div class=\"vc_row wpb_row vc_row-fluid\"><div class=\"listado_equipo_gobierno wpb_column vc_column_container vc_col-sm-12\"><div class=\"vc_column-inner\"><div class=\"wpb_wrapper\"><div class=\"vc_row_inner ver_mas_equipo \"><div class=\"vc_column_inner vc_col-sm-12\"><a class=\"ver_mas_consejo_rector\" href=\"\"> Voir plus <i class=\"fas fa-chevron-down\"><\/i><\/a><\/div><\/div><\/div><\/div><\/div><\/div>\n\t\t\t\t<script>\n\t\t\t\t\tjQuery(document).ready(function(){\n\n\t\t\t\t\t\tif(jQuery(window).width() <= 801){\n\t\t\t\t\t\t\tis_mobile = 1;\n\t\t\t\t\t\t}else{\n\t\t\t\t\t\t\tis_mobile = 0;\n\t\t\t\t\t\t}\n\n\t\t\t\t\t\tget_consejo_rector();\n\n\t\t\t\t\t\tjQuery(\".ver_mas_consejo_rector\").click(function(e){\n\t\t\t\t\t\t\te.preventDefault();\n\t\t\t\t\t\t\tjQuery.ajax({\n\t\t            url:MyAjax.url,\n\t\t            method: 'post',\n\t\t            data: {\n\t\t                action: 'get_consejo_rector',\n\t\t\t\t\t\t\t\t\t\tis_mobile: is_mobile,\n\t\t\t\t\t\t\t\t\t\tes_ver_mas: 1\n\t\t            }\n\t            }).always(function(data){\n\t\t\t\t\t\t\t\t\tlet original_width = jQuery(\".item_consejo_rector\").innerWidth();\n\t\t\t\t\t\t\t\t\tlet listado = JSON.parse(data)\n\t\t\t\t\t\t\t\t\tjQuery(\".contenido_equipo_rector\").html(listado.html);\n\t\t\t\t\t\t\t\t\tjQuery(\".item_consejo_rector\").hide().fadeIn(1200);\n\t\t\t\t\t\t\t\t\tjQuery(\".ver_mas_consejo_rector\").hide();\n\t\t\t\t\t\t\t});\n\t\t\t\t\t\t});\n\t\t\t\t\t});\n\n\t\t\t\t\tfunction get_consejo_rector(){\n\t\t\t\t\t\tjQuery.ajax({\n\t\t\t\t\t\t\turl:MyAjax.url,\n\t\t\t\t\t\t\tmethod: 'post',\n\t\t\t\t\t\t\tdata: {\n\t\t\t\t\t\t\t\t\taction: 'get_consejo_rector',\n\t\t\t\t\t\t\t\t\tis_mobile: is_mobile,\n\t\t\t\t\t\t\t\t\tes_ver_mas: 0\n\t\t\t\t\t\t\t}\n\t\t\t\t\t\t}).always(function(data){\n\t\t\t\t\t\t\t\tlet original_width = jQuery(\".item_consejo_rector\").innerWidth();\n\t\t\t\t\t\t\t\tlet listado = JSON.parse(data)\n\t\t\t\t\t\t\t\tjQuery(\".contenido_equipo_rector\").html(listado.html);\n\n\n\t\t\t\t\t\t});\n\t\t\t\t\t}\n\t\t\t\t<\/script>\n\t\t\t<\/div>[\/vc_column_inner][\/vc_row_inner][vc_empty_space height=\u201d150px\u201d][\/vc_column][\/vc_row][vc_row el_class=\u201dorgano_gobierno\u201d el_id=\u201dequipo\u201d][vc_column][vc_row_inner el_class=\u201dvc_container_inner\u201d][vc_column_inner][vc_column_text css=\u201d\u201d]\n<h2>\u00c9quipe de direction<\/h2>\n<p>[\/vc_column_text]<\/p><div class=\"wpb-content-wrapper\"><div class=\"contenido_equipo_tecnico\"><\/div><div class=\"vc_row wpb_row vc_row-fluid\"><div class=\"listado_equipo_gobierno wpb_column vc_column_container vc_col-sm-12\"><div class=\"vc_column-inner\"><div class=\"wpb_wrapper\"><div class=\"vc_row_inner ver_mas_equipo \"><div class=\"vc_column_inner vc_col-sm-12\"><a class=\"ver_mas_equipo_tecnico\" href=\"\"> Voir plus <i class=\"fas fa-chevron-down\"><\/i><\/a><\/div><\/div><\/div><\/div><\/div><\/div>\n\t\t\t\t<script>\n\t\t\t\t\tjQuery(document).ready(function(){\n\t\t\t\t\t\tif(jQuery(window).width() <= 801){\n\t\t\t\t\t\t\tis_mobile = 1;\n\t\t\t\t\t\t}else{\n\t\t\t\t\t\t\tis_mobile = 0;\n\t\t\t\t\t\t}\n\n\t\t\t\t\t\tget_equipo_tecnico();\n\n\t\t\t\t\t\tjQuery(\".ver_mas_equipo_tecnico\").click(function(e){\n\t\t\t\t\t\t\te.preventDefault();\n\t\t\t\t\t\t\tjQuery.ajax({\n\t\t            url:MyAjax.url,\n\t\t            method: 'post',\n\t\t            data: {\n\t\t                action: 'get_equipo_tecnico',\n\t\t\t\t\t\t\t\t\t\tposts_per_page: -1,\n\t\t\t\t\t\t\t\t\t\tis_mobile: is_mobile,\n\t\t\t\t\t\t\t\t\t\tes_ver_mas: 1\n\t\t            }\n\t            }).always(function(data){\n\t\t\t\t\t\t\t\t\tlet original_width = jQuery(\".item_equipo_tecnico\").innerWidth();\n\t\t\t\t\t\t\t\t\tlet listado = JSON.parse(data)\n\t\t\t\t\t\t\t\t\tjQuery(\".contenido_equipo_tecnico\").html(listado.html);\n\t\t\t\t\t\t\t\t\t\/\/jQuery(\".item_equipo_tecnico\").animate({ width: \"10px\", \"opacity\": 0 }, 1 ).animate({ width: original_width, \"opacity\": 1 }, 650 );\n\t\t\t\t\t\t\t\t\tjQuery(\".item_equipo_tecnico\").hide().fadeIn(1200);\n\t\t\t\t\t\t\t\t\tjQuery(\".ver_mas_equipo_tecnico\").hide();\n\n\t\t\t\t\t\t\t\t\tif(is_mobile){\n\t\t\t\t\t\t\t\t\t\tjQuery(\".info-equipo .resumen\").slideUp();\n\t\t\t\t\t\t\t\t\t\tjQuery(\".enlaces\").css(\"margin\", \"auto\");\n\t\t\t\t\t\t\t\t\t}\n\n\t\t\t\t\t\t\t\t\tevent_click_more_info();\n\t\t\t\t\t\t\t});\n\t\t\t\t\t\t});\n\n\t\t\t\t\t});\n\n\t\t\t\t\tfunction get_equipo_tecnico(){\n\t\t\t\t\t\tjQuery.ajax({\n\t\t\t\t\t\t\turl:MyAjax.url,\n\t\t\t\t\t\t\tmethod: 'post',\n\t\t\t\t\t\t\tdata: {\n\t\t\t\t\t\t\t\t\taction: 'get_equipo_tecnico',\n\t\t\t\t\t\t\t\t\tis_mobile: is_mobile,\n\t\t\t\t\t\t\t\t\tes_ver_mas: 0\n\t\t\t\t\t\t\t}\n\t\t\t\t\t\t}).always(function(data){\n\t\t\t\t\t\t\t\tlet original_width = jQuery(\".item_equipo_tecnico\").innerWidth();\n\t\t\t\t\t\t\t\tlet listado = JSON.parse(data)\n\t\t\t\t\t\t\t\tjQuery(\".contenido_equipo_tecnico\").html(listado.html);\n\t\t\t\t\t\t\t\tjQuery(\".item_equipo_tecnico\").hide().fadeIn(1200);\n\n\t\t\t\t\t\t\t\tif(is_mobile){\n\t\t\t\t\t\t\t\t\tjQuery(\".info-equipo .resumen\").slideUp();\n\t\t\t\t\t\t\t\t\tjQuery(\".enlaces\").css(\"margin\", \"auto\");\n\t\t\t\t\t\t\t\t}\n\n\t\t\t\t\t\t\t\tevent_click_more_info();\n\t\t\t\t\t\t});\n\t\t\t\t\t}\n\n\t\t\t\t\tfunction event_click_more_info(){\n\t\t\t\t\t\tjQuery(\".enlace_abrir\").click(function(e){\n\t\t\t\t\t\t\te.preventDefault();\n\t\t\t\t\t\t\tjQuery(this).parent().siblings(\".resumen\").slideToggle();\n\t\t\t\t\t\t\tif(jQuery(this).parent().siblings(\".resumen\").height()<1){\n\t\t\t\t\t\t\t\tjQuery(this).children(\"i\").removeClass(\"fa-plus\").addClass(\"fa-minus\");\n\t\t\t\t\t\t\t}else{\n\t\t\t\t\t\t\t\tjQuery(this).children(\"i\").removeClass(\"fa-minus\").addClass(\"fa-plus\");\n\t\t\t\t\t\t\t}\n\t\t\t\t\t\t});\n\t\t\t\t\t}\n\t\t\t\t<\/script>\n\t\t\t<\/div>[\/vc_column_inner][\/vc_row_inner][\/vc_column][\/vc_row][vc_row el_class=\u201dbloque\u201d][vc_column][\/vc_column][\/vc_row]\n<\/div><\/body><\/html>","protected":false},"excerpt":{"rendered":"Instances dirigeantes et \u00e9quipe de direction Les organes directeurs sont l'Assembl\u00e9e g\u00e9n\u00e9rale compos\u00e9e de tous les associ\u00e9s et le Conseil directeur nomm\u00e9 par l'Assembl\u00e9e. L'\u00e9quipe est compos\u00e9e de plus de 270 professionnels aux sp\u00e9cialit\u00e9s tr\u00e8s diverses qui composent des \u00e9quipes multidisciplinaires pour apporter des solutions globales aux entreprises. Les connaissances, les capacit\u00e9s et les comp\u00e9tences [...]","protected":false},"author":4,"featured_media":179453,"parent":0,"menu_order":336,"comment_status":"closed","ping_status":"closed","template":"","meta":{"_acf_changed":false,"inline_featured_image":false,"footnotes":""},"class_list":["post-170143","page","type-page","status-publish","hentry"],"acf":[],"yoast_head":"<!-- This site is optimized with the Yoast SEO plugin v27.3 - https:\/\/yoast.com\/product\/yoast-seo-wordpress\/ -->\n<title>Organes directeurs - AINIA<\/title>\n<meta name=\"description\" content=\"Rencontrez toute notre \u00e9quipe de professionnels, parmi lesquels nous vous pr\u00e9sentons notre \u00e9quipe technique et nos instances dirigeantes.\" \/>\n<meta name=\"robots\" content=\"index, follow, max-snippet:-1, max-image-preview:large, max-video-preview:-1\" \/>\n<link rel=\"canonical\" href=\"https:\/\/www.ainia.com\/fr\/a-propos-ainia-organes-gouvernants\/\" \/>\n<meta property=\"og:locale\" content=\"fr_FR\" \/>\n<meta property=\"og:type\" content=\"article\" \/>\n<meta property=\"og:title\" content=\"Organes directeurs - AINIA\" \/>\n<meta property=\"og:description\" content=\"Rencontrez toute notre \u00e9quipe de professionnels, parmi lesquels nous vous pr\u00e9sentons notre \u00e9quipe technique et nos instances dirigeantes.\" \/>\n<meta property=\"og:url\" content=\"https:\/\/www.ainia.com\/fr\/a-propos-ainia-organes-gouvernants\/\" \/>\n<meta property=\"og:site_name\" content=\"AINIA\" \/>\n<meta property=\"article:modified_time\" content=\"2025-10-31T11:42:30+00:00\" \/>\n<meta property=\"og:image\" content=\"https:\/\/www.ainia.com\/wp-content\/uploads\/2025\/05\/consejo-rector-ainia-1280x840-1.jpg\" \/>\n\t<meta property=\"og:image:width\" content=\"1280\" \/>\n\t<meta property=\"og:image:height\" content=\"840\" \/>\n\t<meta property=\"og:image:type\" content=\"image\/jpeg\" \/>\n<meta name=\"twitter:card\" content=\"summary_large_image\" \/>\n<meta name=\"twitter:label1\" content=\"Est. reading time\" \/>\n\t<meta name=\"twitter:data1\" content=\"1 minute\" \/>\n<script type=\"application\/ld+json\" class=\"yoast-schema-graph\">{\"@context\":\"https:\\\/\\\/schema.org\",\"@graph\":[{\"@type\":\"WebPage\",\"@id\":\"https:\\\/\\\/www.ainia.com\\\/fr\\\/a-propos-ainia-organes-gouvernants\\\/\",\"url\":\"https:\\\/\\\/www.ainia.com\\\/fr\\\/a-propos-ainia-organes-gouvernants\\\/\",\"name\":\"Organes directeurs - AINIA\",\"isPartOf\":{\"@id\":\"https:\\\/\\\/www.ainia.com\\\/fr\\\/#website\"},\"primaryImageOfPage\":{\"@id\":\"https:\\\/\\\/www.ainia.com\\\/fr\\\/a-propos-ainia-organes-gouvernants\\\/#primaryimage\"},\"image\":{\"@id\":\"https:\\\/\\\/www.ainia.com\\\/fr\\\/a-propos-ainia-organes-gouvernants\\\/#primaryimage\"},\"thumbnailUrl\":\"https:\\\/\\\/www.ainia.com\\\/wp-content\\\/uploads\\\/2025\\\/05\\\/consejo-rector-ainia-1280x840-1.jpg\",\"datePublished\":\"2024-07-05T11:17:59+00:00\",\"dateModified\":\"2025-10-31T11:42:30+00:00\",\"description\":\"Rencontrez toute notre \u00e9quipe de professionnels, parmi lesquels nous vous pr\u00e9sentons notre \u00e9quipe technique et nos instances dirigeantes.\",\"breadcrumb\":{\"@id\":\"https:\\\/\\\/www.ainia.com\\\/fr\\\/a-propos-ainia-organes-gouvernants\\\/#breadcrumb\"},\"inLanguage\":\"fr\",\"potentialAction\":[{\"@type\":\"ReadAction\",\"target\":[\"https:\\\/\\\/www.ainia.com\\\/fr\\\/a-propos-ainia-organes-gouvernants\\\/\"]}]},{\"@type\":\"ImageObject\",\"inLanguage\":\"fr\",\"@id\":\"https:\\\/\\\/www.ainia.com\\\/fr\\\/a-propos-ainia-organes-gouvernants\\\/#primaryimage\",\"url\":\"https:\\\/\\\/www.ainia.com\\\/wp-content\\\/uploads\\\/2025\\\/05\\\/consejo-rector-ainia-1280x840-1.jpg\",\"contentUrl\":\"https:\\\/\\\/www.ainia.com\\\/wp-content\\\/uploads\\\/2025\\\/05\\\/consejo-rector-ainia-1280x840-1.jpg\",\"width\":1280,\"height\":840,\"caption\":\"Consejo Rector AINIA\"},{\"@type\":\"BreadcrumbList\",\"@id\":\"https:\\\/\\\/www.ainia.com\\\/fr\\\/a-propos-ainia-organes-gouvernants\\\/#breadcrumb\",\"itemListElement\":[{\"@type\":\"ListItem\",\"position\":1,\"name\":\"Portada\",\"item\":\"https:\\\/\\\/www.ainia.com\\\/fr\\\/\"},{\"@type\":\"ListItem\",\"position\":2,\"name\":\"Organes directeurs\"}]},{\"@type\":\"WebSite\",\"@id\":\"https:\\\/\\\/www.ainia.com\\\/fr\\\/#website\",\"url\":\"https:\\\/\\\/www.ainia.com\\\/fr\\\/\",\"name\":\"AINIA\",\"description\":\"AINIA\",\"publisher\":{\"@id\":\"https:\\\/\\\/www.ainia.com\\\/fr\\\/#organization\"},\"potentialAction\":[{\"@type\":\"SearchAction\",\"target\":{\"@type\":\"EntryPoint\",\"urlTemplate\":\"https:\\\/\\\/www.ainia.com\\\/fr\\\/?s={search_term_string}\"},\"query-input\":{\"@type\":\"PropertyValueSpecification\",\"valueRequired\":true,\"valueName\":\"search_term_string\"}}],\"inLanguage\":\"fr\"},{\"@type\":\"Organization\",\"@id\":\"https:\\\/\\\/www.ainia.com\\\/fr\\\/#organization\",\"name\":\"Ainia\",\"url\":\"https:\\\/\\\/www.ainia.com\\\/fr\\\/\",\"logo\":{\"@type\":\"ImageObject\",\"inLanguage\":\"fr\",\"@id\":\"https:\\\/\\\/www.ainia.com\\\/fr\\\/#\\\/schema\\\/logo\\\/image\\\/\",\"url\":\"https:\\\/\\\/www.ainia.com\\\/wp-content\\\/uploads\\\/2022\\\/01\\\/LOGO-AINIA-simple-alta-resolucion-sin-fondo-1.png\",\"contentUrl\":\"https:\\\/\\\/www.ainia.com\\\/wp-content\\\/uploads\\\/2022\\\/01\\\/LOGO-AINIA-simple-alta-resolucion-sin-fondo-1.png\",\"width\":1000,\"height\":346,\"caption\":\"Ainia\"},\"image\":{\"@id\":\"https:\\\/\\\/www.ainia.com\\\/fr\\\/#\\\/schema\\\/logo\\\/image\\\/\"}}]}<\/script>\n<!-- \/ Yoast SEO plugin. -->","yoast_head_json":{"title":"Organes directeurs - AINIA","description":"Rencontrez toute notre \u00e9quipe de professionnels, parmi lesquels nous vous pr\u00e9sentons notre \u00e9quipe technique et nos instances dirigeantes.","robots":{"index":"index","follow":"follow","max-snippet":"max-snippet:-1","max-image-preview":"max-image-preview:large","max-video-preview":"max-video-preview:-1"},"canonical":"https:\/\/www.ainia.com\/fr\/a-propos-ainia-organes-gouvernants\/","og_locale":"fr_FR","og_type":"article","og_title":"Organes directeurs - AINIA","og_description":"Rencontrez toute notre \u00e9quipe de professionnels, parmi lesquels nous vous pr\u00e9sentons notre \u00e9quipe technique et nos instances dirigeantes.","og_url":"https:\/\/www.ainia.com\/fr\/a-propos-ainia-organes-gouvernants\/","og_site_name":"AINIA","article_modified_time":"2025-10-31T11:42:30+00:00","og_image":[{"width":1280,"height":840,"url":"https:\/\/www.ainia.com\/wp-content\/uploads\/2025\/05\/consejo-rector-ainia-1280x840-1.jpg","type":"image\/jpeg"}],"twitter_card":"summary_large_image","twitter_misc":{"Est. reading time":"1 minute"},"schema":{"@context":"https:\/\/schema.org","@graph":[{"@type":"WebPage","@id":"https:\/\/www.ainia.com\/fr\/a-propos-ainia-organes-gouvernants\/","url":"https:\/\/www.ainia.com\/fr\/a-propos-ainia-organes-gouvernants\/","name":"Organes directeurs - AINIA","isPartOf":{"@id":"https:\/\/www.ainia.com\/fr\/#website"},"primaryImageOfPage":{"@id":"https:\/\/www.ainia.com\/fr\/a-propos-ainia-organes-gouvernants\/#primaryimage"},"image":{"@id":"https:\/\/www.ainia.com\/fr\/a-propos-ainia-organes-gouvernants\/#primaryimage"},"thumbnailUrl":"https:\/\/www.ainia.com\/wp-content\/uploads\/2025\/05\/consejo-rector-ainia-1280x840-1.jpg","datePublished":"2024-07-05T11:17:59+00:00","dateModified":"2025-10-31T11:42:30+00:00","description":"Rencontrez toute notre \u00e9quipe de professionnels, parmi lesquels nous vous pr\u00e9sentons notre \u00e9quipe technique et nos instances dirigeantes.","breadcrumb":{"@id":"https:\/\/www.ainia.com\/fr\/a-propos-ainia-organes-gouvernants\/#breadcrumb"},"inLanguage":"fr","potentialAction":[{"@type":"ReadAction","target":["https:\/\/www.ainia.com\/fr\/a-propos-ainia-organes-gouvernants\/"]}]},{"@type":"ImageObject","inLanguage":"fr","@id":"https:\/\/www.ainia.com\/fr\/a-propos-ainia-organes-gouvernants\/#primaryimage","url":"https:\/\/www.ainia.com\/wp-content\/uploads\/2025\/05\/consejo-rector-ainia-1280x840-1.jpg","contentUrl":"https:\/\/www.ainia.com\/wp-content\/uploads\/2025\/05\/consejo-rector-ainia-1280x840-1.jpg","width":1280,"height":840,"caption":"Consejo Rector AINIA"},{"@type":"BreadcrumbList","@id":"https:\/\/www.ainia.com\/fr\/a-propos-ainia-organes-gouvernants\/#breadcrumb","itemListElement":[{"@type":"ListItem","position":1,"name":"Portada","item":"https:\/\/www.ainia.com\/fr\/"},{"@type":"ListItem","position":2,"name":"Organes directeurs"}]},{"@type":"WebSite","@id":"https:\/\/www.ainia.com\/fr\/#website","url":"https:\/\/www.ainia.com\/fr\/","name":"AINIA","description":"AINIA","publisher":{"@id":"https:\/\/www.ainia.com\/fr\/#organization"},"potentialAction":[{"@type":"SearchAction","target":{"@type":"EntryPoint","urlTemplate":"https:\/\/www.ainia.com\/fr\/?s={search_term_string}"},"query-input":{"@type":"PropertyValueSpecification","valueRequired":true,"valueName":"search_term_string"}}],"inLanguage":"fr"},{"@type":"Organization","@id":"https:\/\/www.ainia.com\/fr\/#organization","name":"Ainia","url":"https:\/\/www.ainia.com\/fr\/","logo":{"@type":"ImageObject","inLanguage":"fr","@id":"https:\/\/www.ainia.com\/fr\/#\/schema\/logo\/image\/","url":"https:\/\/www.ainia.com\/wp-content\/uploads\/2022\/01\/LOGO-AINIA-simple-alta-resolucion-sin-fondo-1.png","contentUrl":"https:\/\/www.ainia.com\/wp-content\/uploads\/2022\/01\/LOGO-AINIA-simple-alta-resolucion-sin-fondo-1.png","width":1000,"height":346,"caption":"Ainia"},"image":{"@id":"https:\/\/www.ainia.com\/fr\/#\/schema\/logo\/image\/"}}]}},"_links":{"self":[{"href":"https:\/\/www.ainia.com\/fr\/wp-json\/wp\/v2\/pages\/170143","targetHints":{"allow":["GET"]}}],"collection":[{"href":"https:\/\/www.ainia.com\/fr\/wp-json\/wp\/v2\/pages"}],"about":[{"href":"https:\/\/www.ainia.com\/fr\/wp-json\/wp\/v2\/types\/page"}],"author":[{"embeddable":true,"href":"https:\/\/www.ainia.com\/fr\/wp-json\/wp\/v2\/users\/4"}],"replies":[{"embeddable":true,"href":"https:\/\/www.ainia.com\/fr\/wp-json\/wp\/v2\/comments?post=170143"}],"version-history":[{"count":11,"href":"https:\/\/www.ainia.com\/fr\/wp-json\/wp\/v2\/pages\/170143\/revisions"}],"predecessor-version":[{"id":183702,"href":"https:\/\/www.ainia.com\/fr\/wp-json\/wp\/v2\/pages\/170143\/revisions\/183702"}],"wp:featuredmedia":[{"embeddable":true,"href":"https:\/\/www.ainia.com\/fr\/wp-json\/wp\/v2\/media\/179453"}],"wp:attachment":[{"href":"https:\/\/www.ainia.com\/fr\/wp-json\/wp\/v2\/media?parent=170143"}],"curies":[{"name":"wp","href":"https:\/\/api.w.org\/{rel}","templated":true}]}}